{"id":928,"date":"2019-04-06T10:16:11","date_gmt":"2019-04-06T10:16:11","guid":{"rendered":"http:\/\/zetheme.com\/wordpress\/edubin\/?page_id=928"},"modified":"2020-11-21T11:01:32","modified_gmt":"2020-11-21T11:01:32","slug":"a-propos","status":"publish","type":"page","link":"https:\/\/alexraimondo.tn\/formassur\/fr\/a-propos\/","title":{"rendered":"A Propos"},"content":{"rendered":"\t\t<div data-elementor-type=\"wp-post\" data-elementor-id=\"928\" class=\"elementor elementor-928\" data-elementor-settings=\"[]\">\n\t\t\t\t\t\t<div class=\"elementor-inner\">\n\t\t\t\t\t\t\t<div class=\"elementor-section-wrap\">\n\t\t\t\t\t\t\t<section class=\"elementor-section elementor-top-section elementor-element elementor-element-fec56cd elementor-section-boxed elementor-section-height-default elementor-section-height-default\" data-id=\"fec56cd\" data-element_type=\"section\" data-settings=\"{&quot;background_background&quot;:&quot;classic&quot;}\">\n\t\t\t\t\t\t<div class=\"elementor-container elementor-column-gap-default\">\n\t\t\t\t\t\t\t<div class=\"elementor-row\">\n\t\t\t\t\t<div class=\"elementor-column elementor-col-100 elementor-top-column elementor-element elementor-element-b433c02\" data-id=\"b433c02\" data-element_type=\"column\">\n\t\t\t<div class=\"elementor-column-wrap elementor-element-populated\">\n\t\t\t\t\t\t\t<div class=\"elementor-widget-wrap\">\n\t\t\t\t\t\t<section class=\"elementor-section elementor-inner-section elementor-element elementor-element-f9d8f56 elementor-section-boxed elementor-section-height-default elementor-section-height-default\" data-id=\"f9d8f56\" data-element_type=\"section\">\n\t\t\t\t\t\t<div class=\"elementor-container elementor-column-gap-default\">\n\t\t\t\t\t\t\t<div class=\"elementor-row\">\n\t\t\t\t\t<div class=\"elementor-column elementor-col-50 elementor-inner-column elementor-element elementor-element-7fc2f06\" data-id=\"7fc2f06\" data-element_type=\"column\">\n\t\t\t<div class=\"elementor-column-wrap elementor-element-populated\">\n\t\t\t\t\t\t\t<div class=\"elementor-widget-wrap\">\n\t\t\t\t\t\t<div class=\"elementor-element elementor-element-03dc430 edubin-title-align-left elementor-widget elementor-widget-section-title-addons\" data-id=\"03dc430\" data-element_type=\"widget\" data-widget_type=\"section-title-addons.default\">\n\t\t\t\t<div class=\"elementor-widget-container\">\n\t\t\t            <div class=\"edubin-section-title edubin-subtitle-position-top title-style-four\">\n                <h2 class=\"section-title-txt\">\n<\/h2><div class=edubin-title-sperator-sec><span class=\"edubin-title-sperator\">&nbsp;<\/span><\/div><p class=\"section-subtitle-txt\">A PROPOS DE FORMASSUR <\/p>            <\/div>\n\n        \t\t<\/div>\n\t\t\t\t<\/div>\n\t\t\t\t<div class=\"elementor-element elementor-element-8a0abbe elementor-widget elementor-widget-text-editor\" data-id=\"8a0abbe\" data-element_type=\"widget\" data-widget_type=\"text-editor.default\">\n\t\t\t\t<div class=\"elementor-widget-container\">\n\t\t\t\t\t<div class=\"elementor-text-editor elementor-clearfix\"><p><strong>Formassur<\/strong> est une marque d\u00e9pos\u00e9e de la soci\u00e9t\u00e9 <strong>B&amp;D Consulting<\/strong> dont le si\u00e8ge social se trouve au 27, rue Maurice Flandin \u00e0 Lyon 69003.<\/p><p><strong>B&amp;D Consulting<\/strong> est immatricul\u00e9 au RCS de Lyon sous le n\u00b0 754 010 361.<\/p><p><strong>B&amp;D Consulting<\/strong> est enregistr\u00e9 \u00e0 la pr\u00e9fecture de Lyon et d\u00e9clar\u00e9 en tant qu\u2019<strong>organisme de formation<\/strong> sous le n\u00b0 82 69 12342 69.<\/p><ul><li>Organisme de formation sp\u00e9cifique assurances<\/li><li>Des formateurs experts<\/li><li>Des formations sont mises \u00e0 jour r\u00e9guli\u00e8rement<\/li><li>Une m\u00e9thode \u00e9prouv\u00e9e et efficace<\/li><li>Un centre de formation adapt\u00e9<\/li><\/ul><\/div>\n\t\t\t\t<\/div>\n\t\t\t\t<\/div>\n\t\t\t\t\t\t<\/div>\n\t\t\t\t\t<\/div>\n\t\t<\/div>\n\t\t\t\t<div class=\"elementor-column elementor-col-50 elementor-inner-column elementor-element elementor-element-4ca2c5c\" data-id=\"4ca2c5c\" data-element_type=\"column\" data-settings=\"{&quot;background_background&quot;:&quot;classic&quot;}\">\n\t\t\t<div class=\"elementor-column-wrap elementor-element-populated\">\n\t\t\t\t\t\t\t<div class=\"elementor-widget-wrap\">\n\t\t\t\t\t\t<div class=\"elementor-element elementor-element-c7814f5 elementor-widget elementor-widget-image\" data-id=\"c7814f5\" data-element_type=\"widget\" data-widget_type=\"image.default\">\n\t\t\t\t<div class=\"elementor-widget-container\">\n\t\t\t\t\t<div class=\"elementor-image\">\n\t\t\t\t\t\t\t\t\t\t<img width=\"525\" height=\"341\" src=\"https:\/\/alexraimondo.tn\/formassur\/fr\/wp-content\/uploads\/2019\/04\/b81-1024x666.jpg\" class=\"attachment-large size-large\" alt=\"\" loading=\"lazy\" srcset=\"https:\/\/alexraimondo.tn\/formassur\/fr\/wp-content\/uploads\/2019\/04\/b81-1024x666.jpg 1024w, https:\/\/alexraimondo.tn\/formassur\/fr\/wp-content\/uploads\/2019\/04\/b81-300x195.jpg 300w, https:\/\/alexraimondo.tn\/formassur\/fr\/wp-content\/uploads\/2019\/04\/b81-600x390.jpg 600w, https:\/\/alexraimondo.tn\/formassur\/fr\/wp-content\/uploads\/2019\/04\/b81-768x499.jpg 768w, https:\/\/alexraimondo.tn\/formassur\/fr\/wp-content\/uploads\/2019\/04\/b81.jpg 1200w\" sizes=\"(max-width: 525px) 100vw, 525px\" \/>\t\t\t\t\t\t\t\t\t\t\t<\/div>\n\t\t\t\t<\/div>\n\t\t\t\t<\/div>\n\t\t\t\t<div class=\"elementor-element elementor-element-7fcfbfe elementor-absolute elementor-widget-tablet__width-initial elementor-widget__width-initial elementor-widget elementor-widget-image\" data-id=\"7fcfbfe\" data-element_type=\"widget\" data-settings=\"{&quot;_position&quot;:&quot;absolute&quot;}\" data-widget_type=\"image.default\">\n\t\t\t\t<div class=\"elementor-widget-container\">\n\t\t\t\t\t<div class=\"elementor-image\">\n\t\t\t\t\t\t\t\t\t\t<img width=\"148\" height=\"155\" src=\"https:\/\/alexraimondo.tn\/formassur\/fr\/wp-content\/uploads\/2019\/06\/arroe-shape.png\" class=\"attachment-full size-full\" alt=\"shape\" loading=\"lazy\" \/>\t\t\t\t\t\t\t\t\t\t\t<\/div>\n\t\t\t\t<\/div>\n\t\t\t\t<\/div>\n\t\t\t\t<div class=\"elementor-element elementor-element-4e19a5e elementor-absolute elementor-widget-tablet__width-initial elementor-widget__width-initial elementor-widget elementor-widget-image\" data-id=\"4e19a5e\" data-element_type=\"widget\" data-settings=\"{&quot;_position&quot;:&quot;absolute&quot;}\" data-widget_type=\"image.default\">\n\t\t\t\t<div class=\"elementor-widget-container\">\n\t\t\t\t\t<div class=\"elementor-image\">\n\t\t\t\t\t\t\t\t\t\t<img width=\"73\" height=\"73\" src=\"https:\/\/alexraimondo.tn\/formassur\/fr\/wp-content\/uploads\/2019\/06\/round-shape.png\" class=\"attachment-large size-large\" alt=\"\" loading=\"lazy\" \/>\t\t\t\t\t\t\t\t\t\t\t<\/div>\n\t\t\t\t<\/div>\n\t\t\t\t<\/div>\n\t\t\t\t\t\t<\/div>\n\t\t\t\t\t<\/div>\n\t\t<\/div>\n\t\t\t\t\t\t\t\t<\/div>\n\t\t\t\t\t<\/div>\n\t\t<\/section>\n\t\t\t\t\t\t<\/div>\n\t\t\t\t\t<\/div>\n\t\t<\/div>\n\t\t\t\t\t\t\t\t<\/div>\n\t\t\t\t\t<\/div>\n\t\t<\/section>\n\t\t\t\t<section class=\"elementor-section elementor-top-section elementor-element elementor-element-29a8d04 elementor-section-boxed elementor-section-height-default elementor-section-height-default\" data-id=\"29a8d04\" data-element_type=\"section\">\n\t\t\t\t\t\t<div class=\"elementor-container elementor-column-gap-default\">\n\t\t\t\t\t\t\t<div class=\"elementor-row\">\n\t\t\t\t\t<div class=\"elementor-column elementor-col-100 elementor-top-column elementor-element elementor-element-c5ab940\" data-id=\"c5ab940\" data-element_type=\"column\">\n\t\t\t<div class=\"elementor-column-wrap elementor-element-populated\">\n\t\t\t\t\t\t\t<div class=\"elementor-widget-wrap\">\n\t\t\t\t\t\t<section class=\"elementor-section elementor-inner-section elementor-element elementor-element-389631a elementor-section-boxed elementor-section-height-default elementor-section-height-default\" data-id=\"389631a\" data-element_type=\"section\">\n\t\t\t\t\t\t<div class=\"elementor-container elementor-column-gap-default\">\n\t\t\t\t\t\t\t<div class=\"elementor-row\">\n\t\t\t\t\t<div class=\"elementor-column elementor-col-33 elementor-inner-column elementor-element elementor-element-c5ff5da\" data-id=\"c5ff5da\" data-element_type=\"column\">\n\t\t\t<div class=\"elementor-column-wrap elementor-element-populated\">\n\t\t\t\t\t\t\t<div class=\"elementor-widget-wrap\">\n\t\t\t\t\t\t<div class=\"elementor-element elementor-element-3900bbb edubin-title-align-left elementor-widget elementor-widget-section-title-addons\" data-id=\"3900bbb\" data-element_type=\"widget\" data-widget_type=\"section-title-addons.default\">\n\t\t\t\t<div class=\"elementor-widget-container\">\n\t\t\t            <div class=\"edubin-section-title edubin-subtitle-position-top title-style-one\">\n                <h2 class=\"section-title-txt\">Des formations :\n<\/h2><p class=\"section-subtitle-txt\">01<\/p>            <\/div>\n\n        \t\t<\/div>\n\t\t\t\t<\/div>\n\t\t\t\t<div class=\"elementor-element elementor-element-7c7a61d elementor-widget elementor-widget-text-editor\" data-id=\"7c7a61d\" data-element_type=\"widget\" data-widget_type=\"text-editor.default\">\n\t\t\t\t<div class=\"elementor-widget-container\">\n\t\t\t\t\t<div class=\"elementor-text-editor elementor-clearfix\"><ul><li><span class=\"BtnSsDomaine red\">Formations courtes qualifiantes Inter\/Intra<\/span><\/li><li><span class=\"BtnSsDomaine red\">Formations dipl\u00f4mantes<\/span><\/li><li><span class=\"BtnSsDomaine red\">Certificats<\/span><\/li><\/ul><\/div>\n\t\t\t\t<\/div>\n\t\t\t\t<\/div>\n\t\t\t\t\t\t<\/div>\n\t\t\t\t\t<\/div>\n\t\t<\/div>\n\t\t\t\t<div class=\"elementor-column elementor-col-33 elementor-inner-column elementor-element elementor-element-0404c06\" data-id=\"0404c06\" data-element_type=\"column\">\n\t\t\t<div class=\"elementor-column-wrap elementor-element-populated\">\n\t\t\t\t\t\t\t<div class=\"elementor-widget-wrap\">\n\t\t\t\t\t\t<div class=\"elementor-element elementor-element-3445229 edubin-title-align-left elementor-widget elementor-widget-section-title-addons\" data-id=\"3445229\" data-element_type=\"widget\" data-widget_type=\"section-title-addons.default\">\n\t\t\t\t<div class=\"elementor-widget-container\">\n\t\t\t            <div class=\"edubin-section-title edubin-subtitle-position-top title-style-one\">\n                <h2 class=\"section-title-txt\">Des services :\n<\/h2><p class=\"section-subtitle-txt\">02<\/p>            <\/div>\n\n        \t\t<\/div>\n\t\t\t\t<\/div>\n\t\t\t\t<div class=\"elementor-element elementor-element-a5d6652 elementor-widget elementor-widget-text-editor\" data-id=\"a5d6652\" data-element_type=\"widget\" data-widget_type=\"text-editor.default\">\n\t\t\t\t<div class=\"elementor-widget-container\">\n\t\t\t\t\t<div class=\"elementor-text-editor elementor-clearfix\"><ul><li><span class=\"BtnSsDomaine red\">Bilan de comp\u00e9tence<\/span><\/li><li><span class=\"BtnSsDomaine red\">Coaching<\/span><\/li><li><span class=\"BtnSsDomaine red\">Recherche d&#8217;emploi<\/span><\/li><li><span class=\"BtnSsDomaine red\">Bilan seniors<\/span><\/li><li><span class=\"BtnSsDomaine red\">Accompagnements<\/span><\/li><\/ul><\/div>\n\t\t\t\t<\/div>\n\t\t\t\t<\/div>\n\t\t\t\t\t\t<\/div>\n\t\t\t\t\t<\/div>\n\t\t<\/div>\n\t\t\t\t<div class=\"elementor-column elementor-col-33 elementor-inner-column elementor-element elementor-element-7bbb603\" data-id=\"7bbb603\" data-element_type=\"column\">\n\t\t\t<div class=\"elementor-column-wrap elementor-element-populated\">\n\t\t\t\t\t\t\t<div class=\"elementor-widget-wrap\">\n\t\t\t\t\t\t<div class=\"elementor-element elementor-element-08c14b5 edubin-title-align-left elementor-widget elementor-widget-section-title-addons\" data-id=\"08c14b5\" data-element_type=\"widget\" data-widget_type=\"section-title-addons.default\">\n\t\t\t\t<div class=\"elementor-widget-container\">\n\t\t\t            <div class=\"edubin-section-title edubin-subtitle-position-top title-style-one\">\n                <h2 class=\"section-title-txt\">Des conseils :\n<\/h2><p class=\"section-subtitle-txt\">03<\/p>            <\/div>\n\n        \t\t<\/div>\n\t\t\t\t<\/div>\n\t\t\t\t<div class=\"elementor-element elementor-element-4919ca7 elementor-widget elementor-widget-text-editor\" data-id=\"4919ca7\" data-element_type=\"widget\" data-widget_type=\"text-editor.default\">\n\t\t\t\t<div class=\"elementor-widget-container\">\n\t\t\t\t\t<div class=\"elementor-text-editor elementor-clearfix\"><ul><li><span class=\"BtnSsDomaine red\">Utiliser son CPF<\/span><\/li><li><span class=\"BtnSsDomaine red\">Se former \u00e0 distance<\/span><\/li><li><span class=\"BtnSsDomaine red\">Formation des cadres et managers<\/span><\/li><li><span class=\"BtnSsDomaine red\">Parcours par m\u00e9tier<\/span><\/li><\/ul><\/div>\n\t\t\t\t<\/div>\n\t\t\t\t<\/div>\n\t\t\t\t\t\t<\/div>\n\t\t\t\t\t<\/div>\n\t\t<\/div>\n\t\t\t\t\t\t\t\t<\/div>\n\t\t\t\t\t<\/div>\n\t\t<\/section>\n\t\t\t\t\t\t<\/div>\n\t\t\t\t\t<\/div>\n\t\t<\/div>\n\t\t\t\t\t\t\t\t<\/div>\n\t\t\t\t\t<\/div>\n\t\t<\/section>\n\t\t\t\t<section class=\"elementor-section elementor-top-section elementor-element elementor-element-8f71cc1 elementor-section-stretched elementor-section-full_width elementor-section-height-default elementor-section-height-default\" data-id=\"8f71cc1\" data-element_type=\"section\" data-settings=\"{&quot;stretch_section&quot;:&quot;section-stretched&quot;,&quot;background_background&quot;:&quot;classic&quot;}\">\n\t\t\t\t\t\t\t<div class=\"elementor-background-overlay\"><\/div>\n\t\t\t\t\t\t\t<div class=\"elementor-container elementor-column-gap-no\">\n\t\t\t\t\t\t\t<div class=\"elementor-row\">\n\t\t\t\t\t<div class=\"elementor-column elementor-col-100 elementor-top-column elementor-element elementor-element-2adc07a\" data-id=\"2adc07a\" data-element_type=\"column\">\n\t\t\t<div class=\"elementor-column-wrap elementor-element-populated\">\n\t\t\t\t\t\t\t<div class=\"elementor-widget-wrap\">\n\t\t\t\t\t\t<div class=\"elementor-element elementor-element-3c4a59a elementor-widget elementor-widget-image\" data-id=\"3c4a59a\" data-element_type=\"widget\" data-widget_type=\"image.default\">\n\t\t\t\t<div class=\"elementor-widget-container\">\n\t\t\t\t\t<div class=\"elementor-image\">\n\t\t\t\t\t\t\t\t\t\t<img width=\"525\" height=\"122\" src=\"https:\/\/alexraimondo.tn\/formassur\/fr\/wp-content\/uploads\/2020\/10\/logo-white.png\" class=\"attachment-large size-large\" alt=\"\" loading=\"lazy\" srcset=\"https:\/\/alexraimondo.tn\/formassur\/fr\/wp-content\/uploads\/2020\/10\/logo-white.png 621w, https:\/\/alexraimondo.tn\/formassur\/fr\/wp-content\/uploads\/2020\/10\/logo-white-300x70.png 300w, https:\/\/alexraimondo.tn\/formassur\/fr\/wp-content\/uploads\/2020\/10\/logo-white-600x139.png 600w\" sizes=\"(max-width: 525px) 100vw, 525px\" \/>\t\t\t\t\t\t\t\t\t\t\t<\/div>\n\t\t\t\t<\/div>\n\t\t\t\t<\/div>\n\t\t\t\t<div class=\"elementor-element elementor-element-7ebfe7e elementor-widget elementor-widget-heading\" data-id=\"7ebfe7e\" data-element_type=\"widget\" data-widget_type=\"heading.default\">\n\t\t\t\t<div class=\"elementor-widget-container\">\n\t\t\t<span class=\"elementor-heading-title elementor-size-medium\">B&D Consulting est reconnu partenaire de confiance et travail en partenariat <br>avec les acteurs majeurs du monde de la formation tel que les OPCA comme AGEFOS PME <br> ou encore le P\u00f4le Emploi.<\/span>\t\t<\/div>\n\t\t\t\t<\/div>\n\t\t\t\t<section class=\"elementor-section elementor-inner-section elementor-element elementor-element-95eed88 elementor-section-boxed elementor-section-height-default elementor-section-height-default\" data-id=\"95eed88\" data-element_type=\"section\">\n\t\t\t\t\t\t<div class=\"elementor-container elementor-column-gap-default\">\n\t\t\t\t\t\t\t<div class=\"elementor-row\">\n\t\t\t\t\t<div class=\"elementor-column elementor-col-100 elementor-inner-column elementor-element elementor-element-63b5baf\" data-id=\"63b5baf\" data-element_type=\"column\">\n\t\t\t<div class=\"elementor-column-wrap elementor-element-populated\">\n\t\t\t\t\t\t\t<div class=\"elementor-widget-wrap\">\n\t\t\t\t\t\t<div class=\"elementor-element elementor-element-da13165 elementor-absolute elementor-widget-divider--view-line elementor-widget elementor-widget-divider\" data-id=\"da13165\" data-element_type=\"widget\" data-settings=\"{&quot;_position&quot;:&quot;absolute&quot;}\" data-widget_type=\"divider.default\">\n\t\t\t\t<div class=\"elementor-widget-container\">\n\t\t\t\t\t<div class=\"elementor-divider\">\n\t\t\t<span class=\"elementor-divider-separator\">\n\t\t\t\t\t\t<\/span>\n\t\t<\/div>\n\t\t\t\t<\/div>\n\t\t\t\t<\/div>\n\t\t\t\t<div class=\"elementor-element elementor-element-51bb9bd elementor-absolute elementor-widget-divider--view-line elementor-widget elementor-widget-divider\" data-id=\"51bb9bd\" data-element_type=\"widget\" data-settings=\"{&quot;_position&quot;:&quot;absolute&quot;}\" data-widget_type=\"divider.default\">\n\t\t\t\t<div class=\"elementor-widget-container\">\n\t\t\t\t\t<div class=\"elementor-divider\">\n\t\t\t<span class=\"elementor-divider-separator\">\n\t\t\t\t\t\t<\/span>\n\t\t<\/div>\n\t\t\t\t<\/div>\n\t\t\t\t<\/div>\n\t\t\t\t<div class=\"elementor-element elementor-element-40fc8d9 elementor-absolute elementor-widget-divider--view-line elementor-widget elementor-widget-divider\" data-id=\"40fc8d9\" data-element_type=\"widget\" data-settings=\"{&quot;_position&quot;:&quot;absolute&quot;}\" data-widget_type=\"divider.default\">\n\t\t\t\t<div class=\"elementor-widget-container\">\n\t\t\t\t\t<div class=\"elementor-divider\">\n\t\t\t<span class=\"elementor-divider-separator\">\n\t\t\t\t\t\t<\/span>\n\t\t<\/div>\n\t\t\t\t<\/div>\n\t\t\t\t<\/div>\n\t\t\t\t\t\t<\/div>\n\t\t\t\t\t<\/div>\n\t\t<\/div>\n\t\t\t\t\t\t\t\t<\/div>\n\t\t\t\t\t<\/div>\n\t\t<\/section>\n\t\t\t\t\t\t<\/div>\n\t\t\t\t\t<\/div>\n\t\t<\/div>\n\t\t\t\t\t\t\t\t<\/div>\n\t\t\t\t\t<\/div>\n\t\t<\/section>\n\t\t\t\t<section class=\"elementor-section elementor-top-section elementor-element elementor-element-6200b24 elementor-section-boxed elementor-section-height-default elementor-section-height-default\" data-id=\"6200b24\" data-element_type=\"section\" data-settings=\"{&quot;background_background&quot;:&quot;classic&quot;}\">\n\t\t\t\t\t\t<div class=\"elementor-container elementor-column-gap-default\">\n\t\t\t\t\t\t\t<div class=\"elementor-row\">\n\t\t\t\t\t<div class=\"elementor-column elementor-col-100 elementor-top-column elementor-element elementor-element-8c55b3f\" data-id=\"8c55b3f\" data-element_type=\"column\">\n\t\t\t<div class=\"elementor-column-wrap elementor-element-populated\">\n\t\t\t\t\t\t\t<div class=\"elementor-widget-wrap\">\n\t\t\t\t\t\t<div class=\"elementor-element elementor-element-f829266 elementor-widget elementor-widget-heading\" data-id=\"f829266\" data-element_type=\"widget\" data-widget_type=\"heading.default\">\n\t\t\t\t<div class=\"elementor-widget-container\">\n\t\t\t<h2 class=\"elementor-heading-title elementor-size-default\">Nos Partenaires\n<div><br><\/div><\/h2>\t\t<\/div>\n\t\t\t\t<\/div>\n\t\t\t\t<div class=\"elementor-element elementor-element-a213b49 elementor-widget elementor-widget-image-carousel\" data-id=\"a213b49\" data-element_type=\"widget\" data-settings=\"{&quot;slides_to_show&quot;:&quot;5&quot;,&quot;navigation&quot;:&quot;none&quot;,&quot;slides_to_show_tablet&quot;:&quot;4&quot;,&quot;slides_to_show_mobile&quot;:&quot;2&quot;,&quot;slides_to_scroll_tablet&quot;:&quot;2&quot;,&quot;image_spacing_custom&quot;:{&quot;unit&quot;:&quot;px&quot;,&quot;size&quot;:100,&quot;sizes&quot;:[]},&quot;autoplay&quot;:&quot;yes&quot;,&quot;pause_on_hover&quot;:&quot;yes&quot;,&quot;pause_on_interaction&quot;:&quot;yes&quot;,&quot;autoplay_speed&quot;:5000,&quot;infinite&quot;:&quot;yes&quot;,&quot;speed&quot;:500}\" data-widget_type=\"image-carousel.default\">\n\t\t\t\t<div class=\"elementor-widget-container\">\n\t\t\t\t\t<div class=\"elementor-image-carousel-wrapper swiper-container\" dir=\"ltr\">\n\t\t\t<div class=\"elementor-image-carousel swiper-wrapper\">\n\t\t\t\t<div class=\"swiper-slide\"><a data-elementor-open-lightbox=\"yes\" data-elementor-lightbox-slideshow=\"a213b49\" data-elementor-lightbox-title=\"20181218152935!Cre\u0301dit_Agricole\" href=\"#\"><figure class=\"swiper-slide-inner\"><img class=\"swiper-slide-image\" src=\"https:\/\/alexraimondo.tn\/formassur\/fr\/wp-content\/uploads\/2020\/03\/20181218152935Cre\u0301dit_Agricole.svg\" alt=\"20181218152935!Cre\u0301dit_Agricole\" \/><\/figure><\/a><\/div><div class=\"swiper-slide\"><a data-elementor-open-lightbox=\"yes\" data-elementor-lightbox-slideshow=\"a213b49\" data-elementor-lightbox-title=\"ebabc7e4\" href=\"#\"><figure class=\"swiper-slide-inner\"><img class=\"swiper-slide-image\" src=\"https:\/\/alexraimondo.tn\/formassur\/fr\/wp-content\/uploads\/2020\/10\/ebabc7e4.jpg\" alt=\"ebabc7e4\" \/><\/figure><\/a><\/div><div class=\"swiper-slide\"><a data-elementor-open-lightbox=\"yes\" data-elementor-lightbox-slideshow=\"a213b49\" data-elementor-lightbox-title=\"langfr-280px-AXA_Logo.svg\" href=\"#\"><figure class=\"swiper-slide-inner\"><img class=\"swiper-slide-image\" src=\"https:\/\/alexraimondo.tn\/formassur\/fr\/wp-content\/uploads\/2020\/10\/langfr-280px-AXA_Logo.svg.png\" alt=\"langfr-280px-AXA_Logo.svg\" \/><\/figure><\/a><\/div><div class=\"swiper-slide\"><a data-elementor-open-lightbox=\"yes\" data-elementor-lightbox-slideshow=\"a213b49\" data-elementor-lightbox-title=\"Logo-APRIL-\" href=\"#\"><figure class=\"swiper-slide-inner\"><img class=\"swiper-slide-image\" src=\"https:\/\/alexraimondo.tn\/formassur\/fr\/wp-content\/uploads\/2020\/10\/Logo-APRIL-.png\" alt=\"Logo-APRIL-\" \/><\/figure><\/a><\/div><div class=\"swiper-slide\"><a data-elementor-open-lightbox=\"yes\" data-elementor-lightbox-slideshow=\"a213b49\" data-elementor-lightbox-title=\"groupama-logo\" href=\"#\"><figure class=\"swiper-slide-inner\"><img class=\"swiper-slide-image\" src=\"https:\/\/alexraimondo.tn\/formassur\/fr\/wp-content\/uploads\/2020\/10\/groupama-logo.jpg\" alt=\"groupama-logo\" \/><\/figure><\/a><\/div>\t\t\t<\/div>\n\t\t\t\t\t\t\t\t\t\t\t\t\t\t\t\t<\/div>\n\t\t\t\t<\/div>\n\t\t\t\t<\/div>\n\t\t\t\t\t\t<\/div>\n\t\t\t\t\t<\/div>\n\t\t<\/div>\n\t\t\t\t\t\t\t\t<\/div>\n\t\t\t\t\t<\/div>\n\t\t<\/section>\n\t\t\t\t<section class=\"elementor-section elementor-top-section elementor-element elementor-element-595abc6 elementor-section-stretched elementor-section-full_width elementor-section-height-default elementor-section-height-default\" data-id=\"595abc6\" data-element_type=\"section\" data-settings=\"{&quot;stretch_section&quot;:&quot;section-stretched&quot;,&quot;background_background&quot;:&quot;classic&quot;}\">\n\t\t\t\t\t\t\t<div class=\"elementor-background-overlay\"><\/div>\n\t\t\t\t\t\t\t<div class=\"elementor-container elementor-column-gap-no\">\n\t\t\t\t\t\t\t<div class=\"elementor-row\">\n\t\t\t\t\t<div class=\"elementor-column elementor-col-100 elementor-top-column elementor-element elementor-element-56171ac\" data-id=\"56171ac\" data-element_type=\"column\">\n\t\t\t<div class=\"elementor-column-wrap elementor-element-populated\">\n\t\t\t\t\t\t\t<div class=\"elementor-widget-wrap\">\n\t\t\t\t\t\t<div class=\"elementor-element elementor-element-18d1383 elementor-widget elementor-widget-heading\" data-id=\"18d1383\" data-element_type=\"widget\" data-widget_type=\"heading.default\">\n\t\t\t\t<div class=\"elementor-widget-container\">\n\t\t\t<span class=\"elementor-heading-title elementor-size-medium\">Vous \u00eates charg\u00e9 de la formation dans votre entreprise, FORMASSUR vous accompagne pour :\n<\/span>\t\t<\/div>\n\t\t\t\t<\/div>\n\t\t\t\t<div class=\"elementor-element elementor-element-ee38044 elementor-widget elementor-widget-heading\" data-id=\"ee38044\" data-element_type=\"widget\" data-widget_type=\"heading.default\">\n\t\t\t\t<div class=\"elementor-widget-container\">\n\t\t\t<span class=\"elementor-heading-title elementor-size-medium\">Construire une formation sur mesure <br>\nRecruter un collaborateur<\/span>\t\t<\/div>\n\t\t\t\t<\/div>\n\t\t\t\t\t\t<\/div>\n\t\t\t\t\t<\/div>\n\t\t<\/div>\n\t\t\t\t\t\t\t\t<\/div>\n\t\t\t\t\t<\/div>\n\t\t<\/section>\n\t\t\t\t\t\t<\/div>\n\t\t\t\t\t\t<\/div>\n\t\t\t\t\t<\/div>\n\t\t","protected":false},"excerpt":{"rendered":"<p>&nbsp; A PROPOS DE FORMASSUR Formassur est une marque d\u00e9pos\u00e9e de la soci\u00e9t\u00e9 B&amp;D Consulting dont le si\u00e8ge social se trouve au 27, rue Maurice Flandin \u00e0 Lyon 69003. B&amp;D Consulting est immatricul\u00e9 au RCS de Lyon sous le n\u00b0 754 010 361. B&amp;D Consulting [&hellip;]<\/p>\n","protected":false},"author":1,"featured_media":0,"parent":0,"menu_order":0,"comment_status":"closed","ping_status":"closed","template":"elementor_header_footer","meta":[],"_links":{"self":[{"href":"https:\/\/alexraimondo.tn\/formassur\/fr\/wp-json\/wp\/v2\/pages\/928"}],"collection":[{"href":"https:\/\/alexraimondo.tn\/formassur\/fr\/wp-json\/wp\/v2\/pages"}],"about":[{"href":"https:\/\/alexraimondo.tn\/formassur\/fr\/wp-json\/wp\/v2\/types\/page"}],"author":[{"embeddable":true,"href":"https:\/\/alexraimondo.tn\/formassur\/fr\/wp-json\/wp\/v2\/users\/1"}],"replies":[{"embeddable":true,"href":"https:\/\/alexraimondo.tn\/formassur\/fr\/wp-json\/wp\/v2\/comments?post=928"}],"version-history":[{"count":23,"href":"https:\/\/alexraimondo.tn\/formassur\/fr\/wp-json\/wp\/v2\/pages\/928\/revisions"}],"predecessor-version":[{"id":6079,"href":"https:\/\/alexraimondo.tn\/formassur\/fr\/wp-json\/wp\/v2\/pages\/928\/revisions\/6079"}],"wp:attachment":[{"href":"https:\/\/alexraimondo.tn\/formassur\/fr\/wp-json\/wp\/v2\/media?parent=928"}],"curies":[{"name":"wp","href":"https:\/\/api.w.org\/{rel}","templated":true}]}}