{"id":6091,"date":"2020-11-22T13:16:00","date_gmt":"2020-11-22T13:16:00","guid":{"rendered":"https:\/\/alexraimondo.tn\/formassur\/fr\/?post_type=product&#038;p=6091"},"modified":"2020-11-22T13:16:00","modified_gmt":"2020-11-22T13:16:00","slug":"gerer-les-sinistres-degats-des-eaux-et-incendie-irsi","status":"publish","type":"product","link":"https:\/\/alexraimondo.tn\/formassur\/fr\/produit\/gerer-les-sinistres-degats-des-eaux-et-incendie-irsi\/","title":{"rendered":"G\u00e9rer les sinistres d\u00e9g\u00e2ts des eaux et incendie (IRSI)"},"content":{"rendered":"","protected":false},"excerpt":{"rendered":"","protected":false},"featured_media":0,"comment_status":"open","ping_status":"closed","template":"","meta":[],"_links":{"self":[{"href":"https:\/\/alexraimondo.tn\/formassur\/fr\/wp-json\/wp\/v2\/product\/6091"}],"collection":[{"href":"https:\/\/alexraimondo.tn\/formassur\/fr\/wp-json\/wp\/v2\/product"}],"about":[{"href":"https:\/\/alexraimondo.tn\/formassur\/fr\/wp-json\/wp\/v2\/types\/product"}],"replies":[{"embeddable":true,"href":"https:\/\/alexraimondo.tn\/formassur\/fr\/wp-json\/wp\/v2\/comments?post=6091"}],"wp:attachment":[{"href":"https:\/\/alexraimondo.tn\/formassur\/fr\/wp-json\/wp\/v2\/media?parent=6091"}],"curies":[{"name":"wp","href":"https:\/\/api.w.org\/{rel}","templated":true}]}}